{"id":1047,"date":"2017-02-08T17:31:11","date_gmt":"2017-02-08T22:31:11","guid":{"rendered":"http:\/\/www.privusdesign.com\/demande-de-soumission-panneaux-decoratifs\/"},"modified":"2020-06-19T10:43:44","modified_gmt":"2020-06-19T14:43:44","slug":"request-a-quote-decorative-panels","status":"publish","type":"page","link":"https:\/\/www.privusdesign.com\/en\/request-a-quote-decorative-panels\/","title":{"rendered":"Request a quote"},"content":{"rendered":"<p>Interested in our decorative panels? <a href=\"https:\/\/www.privusdesign.com\/en\/contact-privus-design\/\">Contact us<\/a> or submit a quote request online to give us an idea of the products that would suit you best in terms of interior and exterior d\u00e9cor. This way, we will be able to offer you solutions specifically tailored to your needs.<\/p>\n\n                <div class='gf_browser_gecko gform_wrapper gform_legacy_markup_wrapper gform-theme--no-framework' data-form-theme='legacy' data-form-index='0' id='gform_wrapper_8' ><div id='gf_8' class='gform_anchor' tabindex='-1'><\/div><form method='post' enctype='multipart\/form-data' target='gform_ajax_frame_8' id='gform_8'  action='\/en\/wp-json\/wp\/v2\/pages\/1047#gf_8' data-formid='8' novalidate><input id=\"gpnf_session_hash_8\" type=\"hidden\" name=\"gpnf_session_hash\" value=\"c1b86e287599\">\n                        <div class='gform-body gform_body'><ul id='gform_fields_8' class='gform_fields top_label form_sublabel_below description_below validation_below'><li id=\"field_8_1\" class=\"gfield gfield--type-text gf_left_half gfield_contains_required field_sublabel_below gfield--no-description field_description_below field_validation_below gfield_visibility_visible\"  ><label class='gfield_label gform-field-label screen-reader-text' for='input_8_1'>First name<span class=\"gfield_required\"><span class=\"gfield_required gfield_required_asterisk\">*<\/span><\/span><\/label><div class='ginput_container ginput_container_text'><input name='input_1' id='input_8_1' type='text' value='' class='form-control medium'    placeholder='First name' aria-required=\"true\" aria-invalid=\"false\"   \/><\/div><\/li><li id=\"field_8_2\" class=\"gfield gfield--type-text gf_right_half gfield_contains_required field_sublabel_below gfield--no-description field_description_below field_validation_below gfield_visibility_visible\"  ><label class='gfield_label gform-field-label screen-reader-text' for='input_8_2'>Last name<span class=\"gfield_required\"><span class=\"gfield_required gfield_required_asterisk\">*<\/span><\/span><\/label><div class='ginput_container ginput_container_text'><input name='input_2' id='input_8_2' type='text' value='' class='form-control medium'    placeholder='Last name' aria-required=\"true\" aria-invalid=\"false\"   \/><\/div><\/li><li id=\"field_8_3\" class=\"gfield gfield--type-text gf_left_half field_sublabel_below gfield--no-description field_description_below field_validation_below gfield_visibility_visible\"  ><label class='gfield_label gform-field-label screen-reader-text' for='input_8_3'>Address<\/label><div class='ginput_container ginput_container_text'><input name='input_3' id='input_8_3' type='text' value='' class='form-control medium'    placeholder='Address'  aria-invalid=\"false\"   \/><\/div><\/li><li id=\"field_8_4\" class=\"gfield gfield--type-text gf_right_half field_sublabel_below gfield--no-description field_description_below field_validation_below gfield_visibility_visible\"  ><label class='gfield_label gform-field-label screen-reader-text' for='input_8_4'>City<\/label><div class='ginput_container ginput_container_text'><input name='input_4' id='input_8_4' type='text' value='' class='form-control medium'    placeholder='City'  aria-invalid=\"false\"   \/><\/div><\/li><li id=\"field_8_8\" class=\"gfield gfield--type-text gf_left_half field_sublabel_below gfield--no-description field_description_below field_validation_below gfield_visibility_visible\"  ><label class='gfield_label gform-field-label screen-reader-text' for='input_8_8'>Province<\/label><div class='ginput_container ginput_container_text'><input name='input_8' id='input_8_8' type='text' value='' class='form-control medium'    placeholder='Province'  aria-invalid=\"false\"   \/><\/div><\/li><li id=\"field_8_5\" class=\"gfield gfield--type-text gf_right_half field_sublabel_below gfield--no-description field_description_below field_validation_below gfield_visibility_visible\"  ><label class='gfield_label gform-field-label screen-reader-text' for='input_8_5'>Postal code<\/label><div class='ginput_container ginput_container_text'><input name='input_5' id='input_8_5' type='text' value='' class='form-control medium'    placeholder='Postal code'  aria-invalid=\"false\"   \/><\/div><\/li><li id=\"field_8_6\" class=\"gfield gfield--type-phone gf_left_half gfield_contains_required field_sublabel_below gfield--no-description field_description_below field_validation_below gfield_visibility_visible\"  ><label class='gfield_label gform-field-label screen-reader-text' for='input_8_6'>Tel.<span class=\"gfield_required\"><span class=\"gfield_required gfield_required_asterisk\">*<\/span><\/span><\/label><div class='ginput_container ginput_container_phone'><input name='input_6' id='input_8_6' type='tel' value='' class='form-control medium'  placeholder='Tel.' aria-required=\"true\" aria-invalid=\"false\"   \/><\/div><\/li><li id=\"field_8_7\" class=\"gfield gfield--type-email gf_right_half gfield_contains_required field_sublabel_below gfield--no-description field_description_below field_validation_below gfield_visibility_visible\"  ><label class='gfield_label gform-field-label screen-reader-text' for='input_8_7'>E-mail<span class=\"gfield_required\"><span class=\"gfield_required gfield_required_asterisk\">*<\/span><\/span><\/label><div class='ginput_container ginput_container_email'>\n                            <input name='input_7' id='input_8_7' type='email' value='' class='form-control medium'   placeholder='E-mail' aria-required=\"true\" aria-invalid=\"false\"  \/>\n                        <\/div><\/li><li id=\"field_8_25\" class=\"gfield gfield--type-form gform-theme__no-reset--children field_sublabel_below gfield--no-description field_description_below field_validation_below gfield_visibility_visible\"  ><label class='gfield_label gform-field-label' for='input_8_25'>Products<\/label><div class=\"gpnf-nested-entries-container ginput_container\">\n\n\t<table class=\"gpnf-nested-entries\">\n\n\t\t<thead>\n\t\t<tr>\n\t\t\t\t\t\t\t<th scope=\"col\" class=\"gpnf-field-2\">\n\t\t\t\t\tType\t\t\t\t<\/th>\n\t\t\t\t\t\t\t<th scope=\"col\" class=\"gpnf-field-3\">\n\t\t\t\t\tDesigns\t\t\t\t<\/th>\n\t\t\t\t\t\t\t<th scope=\"col\" class=\"gpnf-field-4\">\n\t\t\t\t\tExterior designs\t\t\t\t<\/th>\n\t\t\t\t\t\t\t<th scope=\"col\" class=\"gpnf-field-5\">\n\t\t\t\t\tInterior dimensions\t\t\t\t<\/th>\n\t\t\t\t\t\t\t<th scope=\"col\" class=\"gpnf-field-6\">\n\t\t\t\t\tExterior dimensions\t\t\t\t<\/th>\n\t\t\t\t\t\t\t<th scope=\"col\" class=\"gpnf-field-8\">\n\t\t\t\t\tInterior materials\t\t\t\t<\/th>\n\t\t\t\t\t\t\t<th scope=\"col\" class=\"gpnf-field-9\">\n\t\t\t\t\tMat\u00e9rieux ext\u00e9rieurs\t\t\t\t<\/th>\n\t\t\t\t\t\t\t<th scope=\"col\" class=\"gpnf-field-10\">\n\t\t\t\t\tColor\t\t\t\t<\/th>\n\t\t\t\t\t\t\t<th scope=\"col\" class=\"gpnf-field-11\">\n\t\t\t\t\tQuantity\t\t\t\t<\/th>\n\t\t\t\t\t\t<th scope=\"col\" class=\"gpnf-row-actions\"><span class=\"screen-reader-text\">Actions<\/span><\/th>\n\t\t<\/tr>\n\t\t<\/thead>\n\n\t\t<tbody data-bind=\"visible: entries().length, foreach: entries\">\n\t\t<tr data-bind=\"attr: { 'data-entryid': id }\">\n\t\t\t\t\t\t\t<td class=\"gpnf-field\"\n\t\t\t\t\tdata-bind=\"html: f2.label, attr: { 'data-value': f2.label }\"\n\t\t\t\t\tdata-heading=\"Type\"\n\t\t\t\t>&nbsp;<\/td>\n\t\t\t\t\t\t\t<td class=\"gpnf-field\"\n\t\t\t\t\tdata-bind=\"html: f3.label, attr: { 'data-value': f3.label }\"\n\t\t\t\t\tdata-heading=\"Designs\"\n\t\t\t\t>&nbsp;<\/td>\n\t\t\t\t\t\t\t<td class=\"gpnf-field\"\n\t\t\t\t\tdata-bind=\"html: f4.label, attr: { 'data-value': f4.label }\"\n\t\t\t\t\tdata-heading=\"Exterior designs\"\n\t\t\t\t>&nbsp;<\/td>\n\t\t\t\t\t\t\t<td class=\"gpnf-field\"\n\t\t\t\t\tdata-bind=\"html: f5.label, attr: { 'data-value': f5.label }\"\n\t\t\t\t\tdata-heading=\"Interior dimensions\"\n\t\t\t\t>&nbsp;<\/td>\n\t\t\t\t\t\t\t<td class=\"gpnf-field\"\n\t\t\t\t\tdata-bind=\"html: f6.label, attr: { 'data-value': f6.label }\"\n\t\t\t\t\tdata-heading=\"Exterior dimensions\"\n\t\t\t\t>&nbsp;<\/td>\n\t\t\t\t\t\t\t<td class=\"gpnf-field\"\n\t\t\t\t\tdata-bind=\"html: f8.label, attr: { 'data-value': f8.label }\"\n\t\t\t\t\tdata-heading=\"Interior materials\"\n\t\t\t\t>&nbsp;<\/td>\n\t\t\t\t\t\t\t<td class=\"gpnf-field\"\n\t\t\t\t\tdata-bind=\"html: f9.label, attr: { 'data-value': f9.label }\"\n\t\t\t\t\tdata-heading=\"Mat\u00e9rieux ext\u00e9rieurs\"\n\t\t\t\t>&nbsp;<\/td>\n\t\t\t\t\t\t\t<td class=\"gpnf-field\"\n\t\t\t\t\tdata-bind=\"html: f10.label, attr: { 'data-value': f10.label }\"\n\t\t\t\t\tdata-heading=\"Color\"\n\t\t\t\t>&nbsp;<\/td>\n\t\t\t\t\t\t\t<td class=\"gpnf-field\"\n\t\t\t\t\tdata-bind=\"html: f11.label, attr: { 'data-value': f11.label }\"\n\t\t\t\t\tdata-heading=\"Quantity\"\n\t\t\t\t>&nbsp;<\/td>\n\t\t\t\t\t\t<td class=\"gpnf-row-actions\" style=\"display: none;\" data-bind=\"visible: true\">\n\t\t\t\t<ul>\n\t\t\t\t\t<li class=\"edit\"><button type=\"button\" class=\"edit-button gform-theme-button--secondary\" data-bind=\"click: $parent.editEntry, attr: { 'aria-label': 'Edit product {0} where Type is {1}.'.gformFormat( $index() + 1, f2.label ) }\">Edit<\/button><\/li>\n\t\t\t\t\t\t\t\t\t\t<li class=\"delete\"><button type=\"button\" class=\"delete-button gform-theme-button--simple gform-theme-button--size-md\" data-bind=\"click: $parent.deleteEntry, attr: { 'aria-label': 'Delete product {0} where Type is {1}.'.gformFormat( $index() + 1, f2.label ) }\">Delete<\/button><\/li>\n\t\t\t\t<\/ul>\n\t\t\t<\/td>\n\t\t<\/tr>\n\t\t<\/tbody>\n\n\t\t<tbody data-bind=\"visible: entries().length <= 0\">\n\t\t<tr class=\"gpnf-no-entries\" data-bind=\"visible: entries().length <= 0\" style=\"display: none;\">\n\t\t\t<td colspan=\"10\">\n\t\t\t\tThere are no <span>products.<\/span>\t\t\t<\/td>\n\t\t<\/tr>\n\t\t<\/tbody>\n\n\t<\/table>\n\n\t<button type=\"button\" class=\"gpnf-add-entry\"\n\t\t        data-formid=\"8\"\n\t\t        data-nestedformid=\"12\"\n\t\t\t\tdata-bind=\"attr: { disabled: isMaxed }, css: { 'gf-default-disabled': isMaxed }\"\n\t\t\t\t>\n\t\t\t\tAdd product\n\t\t\t<\/button>\t\n\t\t\t<p class=\"gpnf-add-entry-max\" data-bind=\"visible: isMaxed\" style=\"display: none;\">\n\t\t\t\tMaximum number of products reached.\n\t\t\t<\/p>\n<\/div>\n<input type=\"hidden\"\n                name=\"input_25\"\n                id=\"input_8_25\"\n                data-bind=\"value: entryIds\"\n                value=\"\" \/><\/li><\/ul><\/div>\n        <div class='gform-footer gform_footer top_label'> <input type='submit' id='gform_submit_button_8' class='gform_button button' onclick='gform.submission.handleButtonClick(this);' data-submission-type='submit' value='Send'  \/> <input type='hidden' name='gform_ajax' value='form_id=8&amp;title=&amp;description=&amp;tabindex=0&amp;theme=legacy&amp;styles=[]&amp;hash=0deb82753e69b1ca44f08c24239b579b' \/>\n            <input type='hidden' class='gform_hidden' name='gform_submission_method' data-js='gform_submission_method_8' value='iframe' \/>\n            <input type='hidden' class='gform_hidden' name='gform_theme' data-js='gform_theme_8' id='gform_theme_8' value='legacy' \/>\n            <input type='hidden' class='gform_hidden' name='gform_style_settings' data-js='gform_style_settings_8' id='gform_style_settings_8' value='[]' \/>\n            <input type='hidden' class='gform_hidden' name='is_submit_8' value='1' \/>\n            <input type='hidden' class='gform_hidden' name='gform_submit' value='8' \/>\n            \n            <input type='hidden' class='gform_hidden' name='gform_currency' data-currency='CAD' value='ZDW9JGBe4ciQ964FM923tq2LrrbEcn1CgwS6311SJ0l7WqFuxdDN9B4Mo2r2prNLFV3qCw+eTOpRkqTEld2rUsLwgy1jvOfYj5XcvIfnf6GWuxo=' \/>\n            <input type='hidden' class='gform_hidden' name='gform_unique_id' value='' \/>\n            <input type='hidden' class='gform_hidden' name='state_8' value='WyJbXSIsIjAzMjQwODFjYjVkODBiZjcwZjUzMTYwMjhkYmU4MmE5Il0=' \/>\n            <input type='hidden' autocomplete='off' class='gform_hidden' name='gform_target_page_number_8' id='gform_target_page_number_8' value='0' \/>\n            <input type='hidden' autocomplete='off' class='gform_hidden' name='gform_source_page_number_8' id='gform_source_page_number_8' value='1' \/>\n            <input type='hidden' name='gform_field_values' value='' \/>\n            \n        <\/div>\n                        <\/form>\n                        <\/div>\n\t\t                <iframe style='display:none;width:0px;height:0px;' src='about:blank' name='gform_ajax_frame_8' id='gform_ajax_frame_8' title='This iframe contains the logic required to handle Ajax powered Gravity Forms.'><\/iframe>\n\t\t                <script type=\"text\/javascript\">\n\/* <![CDATA[ *\/\n gform.initializeOnLoaded( function() {gformInitSpinner( 8, 'https:\/\/www.privusdesign.com\/wp-content\/plugins\/gravityforms\/images\/spinner.svg', true );jQuery('#gform_ajax_frame_8').on('load',function(){var contents = jQuery(this).contents().find('*').html();var is_postback = contents.indexOf('GF_AJAX_POSTBACK') >= 0;if(!is_postback){return;}var form_content = jQuery(this).contents().find('#gform_wrapper_8');var is_confirmation = jQuery(this).contents().find('#gform_confirmation_wrapper_8').length > 0;var is_redirect = contents.indexOf('gformRedirect(){') >= 0;var is_form = form_content.length > 0 && ! is_redirect && ! is_confirmation;var mt = parseInt(jQuery('html').css('margin-top'), 10) + parseInt(jQuery('body').css('margin-top'), 10) + 100;if(is_form){jQuery('#gform_wrapper_8').html(form_content.html());if(form_content.hasClass('gform_validation_error')){jQuery('#gform_wrapper_8').addClass('gform_validation_error');} else {jQuery('#gform_wrapper_8').removeClass('gform_validation_error');}setTimeout( function() { \/* delay the scroll by 50 milliseconds to fix a bug in chrome *\/ jQuery(document).scrollTop(jQuery('#gform_wrapper_8').offset().top - mt); }, 50 );if(window['gformInitDatepicker']) {gformInitDatepicker();}if(window['gformInitPriceFields']) {gformInitPriceFields();}var current_page = jQuery('#gform_source_page_number_8').val();gformInitSpinner( 8, 'https:\/\/www.privusdesign.com\/wp-content\/plugins\/gravityforms\/images\/spinner.svg', true );jQuery(document).trigger('gform_page_loaded', [8, current_page]);window['gf_submitting_8'] = false;}else if(!is_redirect){var confirmation_content = jQuery(this).contents().find('.GF_AJAX_POSTBACK').html();if(!confirmation_content){confirmation_content = contents;}jQuery('#gform_wrapper_8').replaceWith(confirmation_content);jQuery(document).scrollTop(jQuery('#gf_8').offset().top - mt);jQuery(document).trigger('gform_confirmation_loaded', [8]);window['gf_submitting_8'] = false;wp.a11y.speak(jQuery('#gform_confirmation_message_8').text());}else{jQuery('#gform_8').append(contents);if(window['gformRedirect']) {gformRedirect();}}jQuery(document).trigger(\"gform_pre_post_render\", [{ formId: \"8\", currentPage: \"current_page\", abort: function() { this.preventDefault(); } }]);        if (event && event.defaultPrevented) {                return;        }        const gformWrapperDiv = document.getElementById( \"gform_wrapper_8\" );        if ( gformWrapperDiv ) {            const visibilitySpan = document.createElement( \"span\" );            visibilitySpan.id = \"gform_visibility_test_8\";            gformWrapperDiv.insertAdjacentElement( \"afterend\", visibilitySpan );        }        const visibilityTestDiv = document.getElementById( \"gform_visibility_test_8\" );        let postRenderFired = false;        function triggerPostRender() {            if ( postRenderFired ) {                return;            }            postRenderFired = true;            gform.core.triggerPostRenderEvents( 8, current_page );            if ( visibilityTestDiv ) {                visibilityTestDiv.parentNode.removeChild( visibilityTestDiv );            }        }        function debounce( func, wait, immediate ) {            var timeout;            return function() {                var context = this, args = arguments;                var later = function() {                    timeout = null;                    if ( !immediate ) func.apply( context, args );                };                var callNow = immediate && !timeout;                clearTimeout( timeout );                timeout = setTimeout( later, wait );                if ( callNow ) func.apply( context, args );            };        }        const debouncedTriggerPostRender = debounce( function() {            triggerPostRender();        }, 200 );        if ( visibilityTestDiv && visibilityTestDiv.offsetParent === null ) {            const observer = new MutationObserver( ( mutations ) => {                mutations.forEach( ( mutation ) => {                    if ( mutation.type === 'attributes' && visibilityTestDiv.offsetParent !== null ) {                        debouncedTriggerPostRender();                        observer.disconnect();                    }                });            });            observer.observe( document.body, {                attributes: true,                childList: false,                subtree: true,                attributeFilter: [ 'style', 'class' ],            });        } else {            triggerPostRender();        }    } );} ); \n\/* ]]> *\/\n<\/script>\n\n","protected":false},"excerpt":{"rendered":"<p>Interested in our decorative panels? Contact us or submit a quote request online to give us an idea of the products that would suit you best in terms of interior and exterior d\u00e9cor. This way, we will be able to offer you solutions specifically tailored to your needs.<\/p>\n","protected":false},"author":2,"featured_media":0,"parent":0,"menu_order":0,"comment_status":"closed","ping_status":"closed","template":"page-pagebuilder.php","meta":{"_acf_changed":false,"footnotes":""},"class_list":["post-1047","page","type-page","status-publish","hentry"],"acf":[],"yoast_head":"<!-- This site is optimized with the Yoast SEO plugin v27.1.1 - https:\/\/yoast.com\/product\/yoast-seo-wordpress\/ -->\n<title>Demande de soumission pour panneaux d\u00e9coratifs | Privus Design<\/title>\n<meta name=\"description\" content=\"Nos panneaux d\u00e9coratifs int\u00e9rieurs et ext\u00e9rieurs vous int\u00e9ressent? Faites une demande de soumission en ligne et nous pourrons discuter de votre projet.\" \/>\n<meta name=\"robots\" content=\"index, follow, max-snippet:-1, max-image-preview:large, max-video-preview:-1\" \/>\n<link rel=\"canonical\" href=\"https:\/\/www.privusdesign.com\/en\/request-a-quote-decorative-panels\/\" \/>\n<meta property=\"og:locale\" content=\"en_US\" \/>\n<meta property=\"og:type\" content=\"article\" \/>\n<meta property=\"og:title\" content=\"Demande de soumission pour panneaux d\u00e9coratifs | Privus Design\" \/>\n<meta property=\"og:description\" content=\"Nos panneaux d\u00e9coratifs int\u00e9rieurs et ext\u00e9rieurs vous int\u00e9ressent? Faites une demande de soumission en ligne et nous pourrons discuter de votre projet.\" \/>\n<meta property=\"og:url\" content=\"https:\/\/www.privusdesign.com\/en\/request-a-quote-decorative-panels\/\" \/>\n<meta property=\"og:site_name\" content=\"Privus Design\" \/>\n<meta property=\"article:publisher\" content=\"http:\/\/www.facebook.com\/privusdesign\" \/>\n<meta property=\"article:modified_time\" content=\"2020-06-19T14:43:44+00:00\" \/>\n<meta name=\"twitter:card\" content=\"summary_large_image\" \/>\n<script type=\"application\/ld+json\" class=\"yoast-schema-graph\">{\"@context\":\"https:\/\/schema.org\",\"@graph\":[{\"@type\":\"WebPage\",\"@id\":\"https:\/\/www.privusdesign.com\/en\/request-a-quote-decorative-panels\/\",\"url\":\"https:\/\/www.privusdesign.com\/en\/request-a-quote-decorative-panels\/\",\"name\":\"Demande de soumission pour panneaux d\u00e9coratifs | Privus Design\",\"isPartOf\":{\"@id\":\"https:\/\/www.privusdesign.com\/#website\"},\"datePublished\":\"2017-02-08T22:31:11+00:00\",\"dateModified\":\"2020-06-19T14:43:44+00:00\",\"description\":\"Nos panneaux d\u00e9coratifs int\u00e9rieurs et ext\u00e9rieurs vous int\u00e9ressent? Faites une demande de soumission en ligne et nous pourrons discuter de votre projet.\",\"breadcrumb\":{\"@id\":\"https:\/\/www.privusdesign.com\/en\/request-a-quote-decorative-panels\/#breadcrumb\"},\"inLanguage\":\"en-US\",\"potentialAction\":[{\"@type\":\"ReadAction\",\"target\":[\"https:\/\/www.privusdesign.com\/en\/request-a-quote-decorative-panels\/\"]}]},{\"@type\":\"BreadcrumbList\",\"@id\":\"https:\/\/www.privusdesign.com\/en\/request-a-quote-decorative-panels\/#breadcrumb\",\"itemListElement\":[{\"@type\":\"ListItem\",\"position\":1,\"name\":\"Accueil\",\"item\":\"https:\/\/www.privusdesign.com\/en\/\"},{\"@type\":\"ListItem\",\"position\":2,\"name\":\"Request a quote\"}]},{\"@type\":\"WebSite\",\"@id\":\"https:\/\/www.privusdesign.com\/#website\",\"url\":\"https:\/\/www.privusdesign.com\/\",\"name\":\"Privus Design\",\"description\":\"\",\"potentialAction\":[{\"@type\":\"SearchAction\",\"target\":{\"@type\":\"EntryPoint\",\"urlTemplate\":\"https:\/\/www.privusdesign.com\/?s={search_term_string}\"},\"query-input\":{\"@type\":\"PropertyValueSpecification\",\"valueRequired\":true,\"valueName\":\"search_term_string\"}}],\"inLanguage\":\"en-US\"}]}<\/script>\n<!-- \/ Yoast SEO plugin. -->","yoast_head_json":{"title":"Demande de soumission pour panneaux d\u00e9coratifs | Privus Design","description":"Nos panneaux d\u00e9coratifs int\u00e9rieurs et ext\u00e9rieurs vous int\u00e9ressent? Faites une demande de soumission en ligne et nous pourrons discuter de votre projet.","robots":{"index":"index","follow":"follow","max-snippet":"max-snippet:-1","max-image-preview":"max-image-preview:large","max-video-preview":"max-video-preview:-1"},"canonical":"https:\/\/www.privusdesign.com\/en\/request-a-quote-decorative-panels\/","og_locale":"en_US","og_type":"article","og_title":"Demande de soumission pour panneaux d\u00e9coratifs | Privus Design","og_description":"Nos panneaux d\u00e9coratifs int\u00e9rieurs et ext\u00e9rieurs vous int\u00e9ressent? Faites une demande de soumission en ligne et nous pourrons discuter de votre projet.","og_url":"https:\/\/www.privusdesign.com\/en\/request-a-quote-decorative-panels\/","og_site_name":"Privus Design","article_publisher":"http:\/\/www.facebook.com\/privusdesign","article_modified_time":"2020-06-19T14:43:44+00:00","twitter_card":"summary_large_image","schema":{"@context":"https:\/\/schema.org","@graph":[{"@type":"WebPage","@id":"https:\/\/www.privusdesign.com\/en\/request-a-quote-decorative-panels\/","url":"https:\/\/www.privusdesign.com\/en\/request-a-quote-decorative-panels\/","name":"Demande de soumission pour panneaux d\u00e9coratifs | Privus Design","isPartOf":{"@id":"https:\/\/www.privusdesign.com\/#website"},"datePublished":"2017-02-08T22:31:11+00:00","dateModified":"2020-06-19T14:43:44+00:00","description":"Nos panneaux d\u00e9coratifs int\u00e9rieurs et ext\u00e9rieurs vous int\u00e9ressent? Faites une demande de soumission en ligne et nous pourrons discuter de votre projet.","breadcrumb":{"@id":"https:\/\/www.privusdesign.com\/en\/request-a-quote-decorative-panels\/#breadcrumb"},"inLanguage":"en-US","potentialAction":[{"@type":"ReadAction","target":["https:\/\/www.privusdesign.com\/en\/request-a-quote-decorative-panels\/"]}]},{"@type":"BreadcrumbList","@id":"https:\/\/www.privusdesign.com\/en\/request-a-quote-decorative-panels\/#breadcrumb","itemListElement":[{"@type":"ListItem","position":1,"name":"Accueil","item":"https:\/\/www.privusdesign.com\/en\/"},{"@type":"ListItem","position":2,"name":"Request a quote"}]},{"@type":"WebSite","@id":"https:\/\/www.privusdesign.com\/#website","url":"https:\/\/www.privusdesign.com\/","name":"Privus Design","description":"","potentialAction":[{"@type":"SearchAction","target":{"@type":"EntryPoint","urlTemplate":"https:\/\/www.privusdesign.com\/?s={search_term_string}"},"query-input":{"@type":"PropertyValueSpecification","valueRequired":true,"valueName":"search_term_string"}}],"inLanguage":"en-US"}]}},"_links":{"self":[{"href":"https:\/\/www.privusdesign.com\/en\/wp-json\/wp\/v2\/pages\/1047","targetHints":{"allow":["GET"]}}],"collection":[{"href":"https:\/\/www.privusdesign.com\/en\/wp-json\/wp\/v2\/pages"}],"about":[{"href":"https:\/\/www.privusdesign.com\/en\/wp-json\/wp\/v2\/types\/page"}],"author":[{"embeddable":true,"href":"https:\/\/www.privusdesign.com\/en\/wp-json\/wp\/v2\/users\/2"}],"replies":[{"embeddable":true,"href":"https:\/\/www.privusdesign.com\/en\/wp-json\/wp\/v2\/comments?post=1047"}],"version-history":[{"count":7,"href":"https:\/\/www.privusdesign.com\/en\/wp-json\/wp\/v2\/pages\/1047\/revisions"}],"predecessor-version":[{"id":1697,"href":"https:\/\/www.privusdesign.com\/en\/wp-json\/wp\/v2\/pages\/1047\/revisions\/1697"}],"wp:attachment":[{"href":"https:\/\/www.privusdesign.com\/en\/wp-json\/wp\/v2\/media?parent=1047"}],"curies":[{"name":"wp","href":"https:\/\/api.w.org\/{rel}","templated":true}]}}