{"id":1051,"date":"2017-02-07T16:31:11","date_gmt":"2017-02-07T21:31:11","guid":{"rendered":"http:\/\/www.privusdesign.com\/panneaux-decoratifs\/"},"modified":"2020-06-19T10:45:05","modified_gmt":"2020-06-19T14:45:05","slug":"decorative-panels","status":"publish","type":"page","link":"https:\/\/www.privusdesign.com\/en\/decorative-panels\/","title":{"rendered":"Decorative panels"},"content":{"rendered":"<p><strong>Privus Design\u2019s interior decorative panels<\/strong> are original decoration components for the interior of your home. They enable you to add a unique and personalized touch to your living space.<\/p>\n<p><strong>Privus Design\u2019s exterior decorative panels<\/strong> not only provide the required privacy for your porch or deck, but also enhance the look of your yard and patio area while letting light shine through their various designs and patterns.<\/p>\n<p>Check our products often as we update the designs on our exterior and interior panels regularly.<\/p>\n<div class=\"col-md-12 text-center\"><a title=\"Exterior panels\" href=\"https:\/\/www.privusdesign.com\/en\/decorative-panels\/exterior-decorative-panels\/\"><img decoding=\"async\" class=\"alignnone size-medium wp-image-1078\" src=\"http:\/\/www.privusdesign.com\/wp-content\/uploads\/2020\/03\/privus_circle_ext_en.jpg\" alt=\"Exterior panels\" width=\"239\" height=\"239\" \/><\/a><a title=\"Custom panels\" href=\"https:\/\/www.privusdesign.com\/en\/decorative-panels\/custom-decorative-panels\/\"><img decoding=\"async\" class=\"alignnone size-medium wp-image-1079\" src=\"http:\/\/www.privusdesign.com\/wp-content\/uploads\/2020\/03\/privus_circle_int_en.jpg\" alt=\"Custom panels\" width=\"239\" height=\"239\" \/><\/a><a title=\"Wall accents\" href=\"https:\/\/www.privusdesign.com\/en\/decorative-panels\/interior-decorative-panels\/\"><img decoding=\"async\" class=\"alignnone size-full wp-image-1077\" src=\"http:\/\/www.privusdesign.com\/wp-content\/uploads\/2020\/03\/privus_circle_deco_en.jpg\" alt=\"Wall accents\" width=\"239\" height=\"239\" \/><\/a><\/div>\n","protected":false},"excerpt":{"rendered":"<p>Privus Design\u2019s interior decorative panels are original decoration components for the interior of your home. They enable you to add a unique and personalized touch to your living space. Privus Design\u2019s exterior decorative panels not only provide the required privacy for your porch or deck, but also enhance the look of your yard and patio [&hellip;]<\/p>\n","protected":false},"author":2,"featured_media":0,"parent":0,"menu_order":0,"comment_status":"closed","ping_status":"closed","template":"","meta":{"_acf_changed":false,"footnotes":""},"class_list":["post-1051","page","type-page","status-publish","hentry"],"acf":[],"yoast_head":"<!-- This site is optimized with the Yoast SEO plugin v27.1.1 - https:\/\/yoast.com\/product\/yoast-seo-wordpress\/ -->\n<title>Panneaux muraux int\u00e9rieurs et ext\u00e9rieurs | Privus Design<\/title>\n<meta name=\"description\" content=\"Nous fabriquons des panneaux d\u00e9coratifs int\u00e9rieurs, ext\u00e9rieurs et sur mesure pour vos besoins en mati\u00e8re de d\u00e9coration. Panneaux muraux. Panneaux brise-vue.\" \/>\n<meta name=\"robots\" content=\"index, follow, max-snippet:-1, max-image-preview:large, max-video-preview:-1\" \/>\n<link rel=\"canonical\" href=\"https:\/\/www.privusdesign.com\/en\/decorative-panels\/\" \/>\n<meta property=\"og:locale\" content=\"en_US\" \/>\n<meta property=\"og:type\" content=\"article\" \/>\n<meta property=\"og:title\" content=\"Panneaux muraux int\u00e9rieurs et ext\u00e9rieurs | Privus Design\" \/>\n<meta property=\"og:description\" content=\"Nous fabriquons des panneaux d\u00e9coratifs int\u00e9rieurs, ext\u00e9rieurs et sur mesure pour vos besoins en mati\u00e8re de d\u00e9coration. Panneaux muraux. Panneaux brise-vue.\" \/>\n<meta property=\"og:url\" content=\"https:\/\/www.privusdesign.com\/en\/decorative-panels\/\" \/>\n<meta property=\"og:site_name\" content=\"Privus Design\" \/>\n<meta property=\"article:publisher\" content=\"http:\/\/www.facebook.com\/privusdesign\" \/>\n<meta property=\"article:modified_time\" content=\"2020-06-19T14:45:05+00:00\" \/>\n<meta property=\"og:image\" content=\"http:\/\/www.privusdesign.com\/wp-content\/uploads\/2020\/03\/privus_circle_ext_en.jpg\" \/>\n<meta name=\"twitter:card\" content=\"summary_large_image\" \/>\n<script type=\"application\/ld+json\" class=\"yoast-schema-graph\">{\"@context\":\"https:\/\/schema.org\",\"@graph\":[{\"@type\":\"WebPage\",\"@id\":\"https:\/\/www.privusdesign.com\/en\/decorative-panels\/\",\"url\":\"https:\/\/www.privusdesign.com\/en\/decorative-panels\/\",\"name\":\"Panneaux muraux int\u00e9rieurs et ext\u00e9rieurs | Privus Design\",\"isPartOf\":{\"@id\":\"https:\/\/www.privusdesign.com\/#website\"},\"primaryImageOfPage\":{\"@id\":\"https:\/\/www.privusdesign.com\/en\/decorative-panels\/#primaryimage\"},\"image\":{\"@id\":\"https:\/\/www.privusdesign.com\/en\/decorative-panels\/#primaryimage\"},\"thumbnailUrl\":\"http:\/\/www.privusdesign.com\/wp-content\/uploads\/2020\/03\/privus_circle_ext_en.jpg\",\"datePublished\":\"2017-02-07T21:31:11+00:00\",\"dateModified\":\"2020-06-19T14:45:05+00:00\",\"description\":\"Nous fabriquons des panneaux d\u00e9coratifs int\u00e9rieurs, ext\u00e9rieurs et sur mesure pour vos besoins en mati\u00e8re de d\u00e9coration. Panneaux muraux. Panneaux brise-vue.\",\"breadcrumb\":{\"@id\":\"https:\/\/www.privusdesign.com\/en\/decorative-panels\/#breadcrumb\"},\"inLanguage\":\"en-US\",\"potentialAction\":[{\"@type\":\"ReadAction\",\"target\":[\"https:\/\/www.privusdesign.com\/en\/decorative-panels\/\"]}]},{\"@type\":\"ImageObject\",\"inLanguage\":\"en-US\",\"@id\":\"https:\/\/www.privusdesign.com\/en\/decorative-panels\/#primaryimage\",\"url\":\"http:\/\/www.privusdesign.com\/wp-content\/uploads\/2020\/03\/privus_circle_ext_en.jpg\",\"contentUrl\":\"http:\/\/www.privusdesign.com\/wp-content\/uploads\/2020\/03\/privus_circle_ext_en.jpg\"},{\"@type\":\"BreadcrumbList\",\"@id\":\"https:\/\/www.privusdesign.com\/en\/decorative-panels\/#breadcrumb\",\"itemListElement\":[{\"@type\":\"ListItem\",\"position\":1,\"name\":\"Accueil\",\"item\":\"https:\/\/www.privusdesign.com\/en\/\"},{\"@type\":\"ListItem\",\"position\":2,\"name\":\"Decorative panels\"}]},{\"@type\":\"WebSite\",\"@id\":\"https:\/\/www.privusdesign.com\/#website\",\"url\":\"https:\/\/www.privusdesign.com\/\",\"name\":\"Privus Design\",\"description\":\"\",\"potentialAction\":[{\"@type\":\"SearchAction\",\"target\":{\"@type\":\"EntryPoint\",\"urlTemplate\":\"https:\/\/www.privusdesign.com\/?s={search_term_string}\"},\"query-input\":{\"@type\":\"PropertyValueSpecification\",\"valueRequired\":true,\"valueName\":\"search_term_string\"}}],\"inLanguage\":\"en-US\"}]}<\/script>\n<!-- \/ Yoast SEO plugin. -->","yoast_head_json":{"title":"Panneaux muraux int\u00e9rieurs et ext\u00e9rieurs | Privus Design","description":"Nous fabriquons des panneaux d\u00e9coratifs int\u00e9rieurs, ext\u00e9rieurs et sur mesure pour vos besoins en mati\u00e8re de d\u00e9coration. Panneaux muraux. Panneaux brise-vue.","robots":{"index":"index","follow":"follow","max-snippet":"max-snippet:-1","max-image-preview":"max-image-preview:large","max-video-preview":"max-video-preview:-1"},"canonical":"https:\/\/www.privusdesign.com\/en\/decorative-panels\/","og_locale":"en_US","og_type":"article","og_title":"Panneaux muraux int\u00e9rieurs et ext\u00e9rieurs | Privus Design","og_description":"Nous fabriquons des panneaux d\u00e9coratifs int\u00e9rieurs, ext\u00e9rieurs et sur mesure pour vos besoins en mati\u00e8re de d\u00e9coration. Panneaux muraux. Panneaux brise-vue.","og_url":"https:\/\/www.privusdesign.com\/en\/decorative-panels\/","og_site_name":"Privus Design","article_publisher":"http:\/\/www.facebook.com\/privusdesign","article_modified_time":"2020-06-19T14:45:05+00:00","og_image":[{"url":"http:\/\/www.privusdesign.com\/wp-content\/uploads\/2020\/03\/privus_circle_ext_en.jpg","type":"","width":"","height":""}],"twitter_card":"summary_large_image","schema":{"@context":"https:\/\/schema.org","@graph":[{"@type":"WebPage","@id":"https:\/\/www.privusdesign.com\/en\/decorative-panels\/","url":"https:\/\/www.privusdesign.com\/en\/decorative-panels\/","name":"Panneaux muraux int\u00e9rieurs et ext\u00e9rieurs | Privus Design","isPartOf":{"@id":"https:\/\/www.privusdesign.com\/#website"},"primaryImageOfPage":{"@id":"https:\/\/www.privusdesign.com\/en\/decorative-panels\/#primaryimage"},"image":{"@id":"https:\/\/www.privusdesign.com\/en\/decorative-panels\/#primaryimage"},"thumbnailUrl":"http:\/\/www.privusdesign.com\/wp-content\/uploads\/2020\/03\/privus_circle_ext_en.jpg","datePublished":"2017-02-07T21:31:11+00:00","dateModified":"2020-06-19T14:45:05+00:00","description":"Nous fabriquons des panneaux d\u00e9coratifs int\u00e9rieurs, ext\u00e9rieurs et sur mesure pour vos besoins en mati\u00e8re de d\u00e9coration. Panneaux muraux. Panneaux brise-vue.","breadcrumb":{"@id":"https:\/\/www.privusdesign.com\/en\/decorative-panels\/#breadcrumb"},"inLanguage":"en-US","potentialAction":[{"@type":"ReadAction","target":["https:\/\/www.privusdesign.com\/en\/decorative-panels\/"]}]},{"@type":"ImageObject","inLanguage":"en-US","@id":"https:\/\/www.privusdesign.com\/en\/decorative-panels\/#primaryimage","url":"http:\/\/www.privusdesign.com\/wp-content\/uploads\/2020\/03\/privus_circle_ext_en.jpg","contentUrl":"http:\/\/www.privusdesign.com\/wp-content\/uploads\/2020\/03\/privus_circle_ext_en.jpg"},{"@type":"BreadcrumbList","@id":"https:\/\/www.privusdesign.com\/en\/decorative-panels\/#breadcrumb","itemListElement":[{"@type":"ListItem","position":1,"name":"Accueil","item":"https:\/\/www.privusdesign.com\/en\/"},{"@type":"ListItem","position":2,"name":"Decorative panels"}]},{"@type":"WebSite","@id":"https:\/\/www.privusdesign.com\/#website","url":"https:\/\/www.privusdesign.com\/","name":"Privus Design","description":"","potentialAction":[{"@type":"SearchAction","target":{"@type":"EntryPoint","urlTemplate":"https:\/\/www.privusdesign.com\/?s={search_term_string}"},"query-input":{"@type":"PropertyValueSpecification","valueRequired":true,"valueName":"search_term_string"}}],"inLanguage":"en-US"}]}},"_links":{"self":[{"href":"https:\/\/www.privusdesign.com\/en\/wp-json\/wp\/v2\/pages\/1051","targetHints":{"allow":["GET"]}}],"collection":[{"href":"https:\/\/www.privusdesign.com\/en\/wp-json\/wp\/v2\/pages"}],"about":[{"href":"https:\/\/www.privusdesign.com\/en\/wp-json\/wp\/v2\/types\/page"}],"author":[{"embeddable":true,"href":"https:\/\/www.privusdesign.com\/en\/wp-json\/wp\/v2\/users\/2"}],"replies":[{"embeddable":true,"href":"https:\/\/www.privusdesign.com\/en\/wp-json\/wp\/v2\/comments?post=1051"}],"version-history":[{"count":7,"href":"https:\/\/www.privusdesign.com\/en\/wp-json\/wp\/v2\/pages\/1051\/revisions"}],"predecessor-version":[{"id":1701,"href":"https:\/\/www.privusdesign.com\/en\/wp-json\/wp\/v2\/pages\/1051\/revisions\/1701"}],"wp:attachment":[{"href":"https:\/\/www.privusdesign.com\/en\/wp-json\/wp\/v2\/media?parent=1051"}],"curies":[{"name":"wp","href":"https:\/\/api.w.org\/{rel}","templated":true}]}}