{"id":1053,"date":"2017-02-13T15:25:07","date_gmt":"2017-02-13T20:25:07","guid":{"rendered":"http:\/\/www.privusdesign.com\/panneaux-decoratifs\/panneaux-decoratif-sur-mesure\/"},"modified":"2020-06-19T14:01:51","modified_gmt":"2020-06-19T18:01:51","slug":"personalized-panels","status":"publish","type":"page","link":"https:\/\/www.privusdesign.com\/en\/decorative-panels\/personalized-panels\/","title":{"rendered":"Custom panels"},"content":{"rendered":"<h2>Choose your preferred material<\/h2>\n<p><span style=\"font-weight: 400;\">The design of your wall decoration can be cut-in or cut-out from the material of your choice.\u00a0 We often work with wood; plastic; acrylic; aluminum; raw steel and Corten steel; copper; and slate.<\/span><\/p>\n<h2>Choose the size you want<\/h2>\n<p><span style=\"font-weight: 400;\">Our catalog features a wide variety of screen choices and dimensions, going up to 75\u201d x 143\u201d. <\/span><\/p>\n<p><span style=\"font-weight: 400;\">Take a peek: <\/span><a class=\"btn-soumission\" href=\"http:\/\/www.privusdesign.com\/wp-content\/uploads\/2020\/06\/PRIVUS03_Catalogue2020Privus_EN_rev.pdf\" target=\"_blank\" rel=\"noopener noreferrer\"><span style=\"font-weight: 400;\">Privus Design 2020 Catalog<\/span><\/a><\/p>\n<p>&nbsp;<\/p>\n<p style=\"text-align: center;\"><a class=\"btn-soumission\" href=\"https:\/\/www.privusdesign.com\/en\/contact-privus-design\/\">Submit your project<\/a><\/p>\n","protected":false},"excerpt":{"rendered":"<p>Choose your preferred material The design of your wall decoration can be cut-in or cut-out from the material of your choice.\u00a0 We often work with wood; plastic; acrylic; aluminum; raw steel and Corten steel; copper; and slate. Choose the size you want Our catalog features a wide variety of screen choices and dimensions, going up [&hellip;]<\/p>\n","protected":false},"author":2,"featured_media":0,"parent":1051,"menu_order":0,"comment_status":"closed","ping_status":"closed","template":"page-pagebuilder.php","meta":{"_acf_changed":false,"footnotes":""},"class_list":["post-1053","page","type-page","status-publish","hentry"],"acf":[],"yoast_head":"<!-- This site is optimized with the Yoast SEO plugin v27.1.1 - https:\/\/yoast.com\/product\/yoast-seo-wordpress\/ -->\n<title>Panneaux d\u00e9coratifs fabriqu\u00e9s sur mesure | Privus Design<\/title>\n<meta name=\"description\" content=\"Privus Design fabrique des panneaux d\u00e9coratifs sur mesure selon vos go\u00fbts et vos id\u00e9es. Faites-nous part de votre projet!\" \/>\n<meta name=\"robots\" content=\"index, follow, max-snippet:-1, max-image-preview:large, max-video-preview:-1\" \/>\n<link rel=\"canonical\" href=\"https:\/\/www.privusdesign.com\/en\/decorative-panels\/personalized-panels\/\" \/>\n<meta property=\"og:locale\" content=\"en_US\" \/>\n<meta property=\"og:type\" content=\"article\" \/>\n<meta property=\"og:title\" content=\"Panneaux d\u00e9coratifs fabriqu\u00e9s sur mesure | Privus Design\" \/>\n<meta property=\"og:description\" content=\"Privus Design fabrique des panneaux d\u00e9coratifs sur mesure selon vos go\u00fbts et vos id\u00e9es. Faites-nous part de votre projet!\" \/>\n<meta property=\"og:url\" content=\"https:\/\/www.privusdesign.com\/en\/decorative-panels\/personalized-panels\/\" \/>\n<meta property=\"og:site_name\" content=\"Privus Design\" \/>\n<meta property=\"article:publisher\" content=\"http:\/\/www.facebook.com\/privusdesign\" \/>\n<meta property=\"article:modified_time\" content=\"2020-06-19T18:01:51+00:00\" \/>\n<meta name=\"twitter:card\" content=\"summary_large_image\" \/>\n<script type=\"application\/ld+json\" class=\"yoast-schema-graph\">{\"@context\":\"https:\/\/schema.org\",\"@graph\":[{\"@type\":\"WebPage\",\"@id\":\"https:\/\/www.privusdesign.com\/en\/decorative-panels\/personalized-panels\/\",\"url\":\"https:\/\/www.privusdesign.com\/en\/decorative-panels\/personalized-panels\/\",\"name\":\"Panneaux d\u00e9coratifs fabriqu\u00e9s sur mesure | Privus Design\",\"isPartOf\":{\"@id\":\"https:\/\/www.privusdesign.com\/#website\"},\"datePublished\":\"2017-02-13T20:25:07+00:00\",\"dateModified\":\"2020-06-19T18:01:51+00:00\",\"description\":\"Privus Design fabrique des panneaux d\u00e9coratifs sur mesure selon vos go\u00fbts et vos id\u00e9es. Faites-nous part de votre projet!\",\"breadcrumb\":{\"@id\":\"https:\/\/www.privusdesign.com\/en\/decorative-panels\/personalized-panels\/#breadcrumb\"},\"inLanguage\":\"en-US\",\"potentialAction\":[{\"@type\":\"ReadAction\",\"target\":[\"https:\/\/www.privusdesign.com\/en\/decorative-panels\/personalized-panels\/\"]}]},{\"@type\":\"BreadcrumbList\",\"@id\":\"https:\/\/www.privusdesign.com\/en\/decorative-panels\/personalized-panels\/#breadcrumb\",\"itemListElement\":[{\"@type\":\"ListItem\",\"position\":1,\"name\":\"Accueil\",\"item\":\"https:\/\/www.privusdesign.com\/en\/\"},{\"@type\":\"ListItem\",\"position\":2,\"name\":\"Decorative panels\",\"item\":\"https:\/\/www.privusdesign.com\/en\/decorative-panels\/\"},{\"@type\":\"ListItem\",\"position\":3,\"name\":\"Custom panels\"}]},{\"@type\":\"WebSite\",\"@id\":\"https:\/\/www.privusdesign.com\/#website\",\"url\":\"https:\/\/www.privusdesign.com\/\",\"name\":\"Privus Design\",\"description\":\"\",\"potentialAction\":[{\"@type\":\"SearchAction\",\"target\":{\"@type\":\"EntryPoint\",\"urlTemplate\":\"https:\/\/www.privusdesign.com\/?s={search_term_string}\"},\"query-input\":{\"@type\":\"PropertyValueSpecification\",\"valueRequired\":true,\"valueName\":\"search_term_string\"}}],\"inLanguage\":\"en-US\"}]}<\/script>\n<!-- \/ Yoast SEO plugin. -->","yoast_head_json":{"title":"Panneaux d\u00e9coratifs fabriqu\u00e9s sur mesure | Privus Design","description":"Privus Design fabrique des panneaux d\u00e9coratifs sur mesure selon vos go\u00fbts et vos id\u00e9es. Faites-nous part de votre projet!","robots":{"index":"index","follow":"follow","max-snippet":"max-snippet:-1","max-image-preview":"max-image-preview:large","max-video-preview":"max-video-preview:-1"},"canonical":"https:\/\/www.privusdesign.com\/en\/decorative-panels\/personalized-panels\/","og_locale":"en_US","og_type":"article","og_title":"Panneaux d\u00e9coratifs fabriqu\u00e9s sur mesure | Privus Design","og_description":"Privus Design fabrique des panneaux d\u00e9coratifs sur mesure selon vos go\u00fbts et vos id\u00e9es. Faites-nous part de votre projet!","og_url":"https:\/\/www.privusdesign.com\/en\/decorative-panels\/personalized-panels\/","og_site_name":"Privus Design","article_publisher":"http:\/\/www.facebook.com\/privusdesign","article_modified_time":"2020-06-19T18:01:51+00:00","twitter_card":"summary_large_image","schema":{"@context":"https:\/\/schema.org","@graph":[{"@type":"WebPage","@id":"https:\/\/www.privusdesign.com\/en\/decorative-panels\/personalized-panels\/","url":"https:\/\/www.privusdesign.com\/en\/decorative-panels\/personalized-panels\/","name":"Panneaux d\u00e9coratifs fabriqu\u00e9s sur mesure | Privus Design","isPartOf":{"@id":"https:\/\/www.privusdesign.com\/#website"},"datePublished":"2017-02-13T20:25:07+00:00","dateModified":"2020-06-19T18:01:51+00:00","description":"Privus Design fabrique des panneaux d\u00e9coratifs sur mesure selon vos go\u00fbts et vos id\u00e9es. Faites-nous part de votre projet!","breadcrumb":{"@id":"https:\/\/www.privusdesign.com\/en\/decorative-panels\/personalized-panels\/#breadcrumb"},"inLanguage":"en-US","potentialAction":[{"@type":"ReadAction","target":["https:\/\/www.privusdesign.com\/en\/decorative-panels\/personalized-panels\/"]}]},{"@type":"BreadcrumbList","@id":"https:\/\/www.privusdesign.com\/en\/decorative-panels\/personalized-panels\/#breadcrumb","itemListElement":[{"@type":"ListItem","position":1,"name":"Accueil","item":"https:\/\/www.privusdesign.com\/en\/"},{"@type":"ListItem","position":2,"name":"Decorative panels","item":"https:\/\/www.privusdesign.com\/en\/decorative-panels\/"},{"@type":"ListItem","position":3,"name":"Custom panels"}]},{"@type":"WebSite","@id":"https:\/\/www.privusdesign.com\/#website","url":"https:\/\/www.privusdesign.com\/","name":"Privus Design","description":"","potentialAction":[{"@type":"SearchAction","target":{"@type":"EntryPoint","urlTemplate":"https:\/\/www.privusdesign.com\/?s={search_term_string}"},"query-input":{"@type":"PropertyValueSpecification","valueRequired":true,"valueName":"search_term_string"}}],"inLanguage":"en-US"}]}},"_links":{"self":[{"href":"https:\/\/www.privusdesign.com\/en\/wp-json\/wp\/v2\/pages\/1053","targetHints":{"allow":["GET"]}}],"collection":[{"href":"https:\/\/www.privusdesign.com\/en\/wp-json\/wp\/v2\/pages"}],"about":[{"href":"https:\/\/www.privusdesign.com\/en\/wp-json\/wp\/v2\/types\/page"}],"author":[{"embeddable":true,"href":"https:\/\/www.privusdesign.com\/en\/wp-json\/wp\/v2\/users\/2"}],"replies":[{"embeddable":true,"href":"https:\/\/www.privusdesign.com\/en\/wp-json\/wp\/v2\/comments?post=1053"}],"version-history":[{"count":24,"href":"https:\/\/www.privusdesign.com\/en\/wp-json\/wp\/v2\/pages\/1053\/revisions"}],"predecessor-version":[{"id":1726,"href":"https:\/\/www.privusdesign.com\/en\/wp-json\/wp\/v2\/pages\/1053\/revisions\/1726"}],"up":[{"embeddable":true,"href":"https:\/\/www.privusdesign.com\/en\/wp-json\/wp\/v2\/pages\/1051"}],"wp:attachment":[{"href":"https:\/\/www.privusdesign.com\/en\/wp-json\/wp\/v2\/media?parent=1053"}],"curies":[{"name":"wp","href":"https:\/\/api.w.org\/{rel}","templated":true}]}}