{"id":1061,"date":"2017-02-13T15:24:24","date_gmt":"2017-02-13T20:24:24","guid":{"rendered":"http:\/\/www.privusdesign.com\/panneaux-decoratifs\/panneaux-decoratifs-interieurs\/"},"modified":"2022-12-07T11:20:29","modified_gmt":"2022-12-07T16:20:29","slug":"interior-decorative-panels","status":"publish","type":"page","link":"https:\/\/www.privusdesign.com\/en\/decorative-panels\/interior-decorative-panels\/","title":{"rendered":"Interior panels"},"content":{"rendered":"<h1>Privus Design\u2019s Interior Panels<\/h1>\n<p><strong>BEAUTIFY &amp; DIVIDE<\/strong><\/p>\n<p><span style=\"font-weight: 400;\">Interior screens are usually used to beautify and divide a space without blocking light or interfering with energy flow.\u00a0 Created at our plants, from design through to production,<\/span><\/p>\n<p><span style=\"font-weight: 400;\">we ensure a high-quality product, made with precision by highly qualified and experienced people.<\/span><\/p>\n<p><span style=\"font-weight: 400;\">No matter the size, color or material, all of our panels can be installed in your interior and exterior, residential or commercial spaces.<\/span><\/p>\n<p><strong>MORE THAN 200 COLORS\u00a0<\/strong><\/p>\n<p><span style=\"font-weight: 400;\">Bringing a very distinctive touch, our products are available in a wide variety of colors (RAL chart) realized using an eco-painting baked powder process.<\/span><\/p>\n<p><a class=\"btn-soumission\" title=\"More colors for interior panels\" href=\"http:\/\/www.privusdesign.com\/wp-content\/uploads\/2017\/02\/nuancier-de-couleur-ral.pdf\" target=\"_blank\" rel=\"noopener noreferrer\">Click here to see them.<\/a><\/p>\n<p><strong>DURABLE MATERIALS<\/strong><\/p>\n<p><span style=\"font-weight: 400;\">Our sustainable and durable materials provide long-lasting benefits and many years of enjoyment.\u00a0 We often work with wood; plastic; acrylic; aluminum; raw steel and Corten steel; copper; and slate.<\/span><\/p>\n<p><strong>CUSTOMIZE YOUR PROJECTS<\/strong><\/p>\n<p><span style=\"font-weight: 400;\">A maneuverable technology, the water jet cutting enables us to create unlimited designs and even tailor-made panels to fit your specifications. Consult our <\/span><span style=\"font-weight: 400;\">Custom Panels<\/span><span style=\"font-weight: 400;\"> page to view our custom designs.<\/span><\/p>\n<p><a class=\"btn-soumission\" href=\"\/en\/decorative-panels\/custom-panels\/\">Customize your projects<\/a><\/p>\n<p><strong>CONSULT OUR CATALOG<\/strong><\/p>\n<p><span style=\"font-weight: 400;\">Our catalog features a wide variety of screen choices and dimensions, going up to 75\u201d x 143\u201d. <\/span><\/p>\n<p><span style=\"font-weight: 400;\">Take a peek: <\/span><a href=\"http:\/\/www.privusdesign.com\/wp-content\/uploads\/2020\/06\/PRIVUS03_Catalogue2020Privus_EN_rev.pdf\" target=\"_blank\" rel=\"noopener noreferrer\"><span style=\"font-weight: 400;\">Privus Design 2020\u00a0 Catalog<\/span><\/a><\/p>\n","protected":false},"excerpt":{"rendered":"<p>Privus Design\u2019s Interior Panels BEAUTIFY &amp; DIVIDE Interior screens are usually used to beautify and divide a space without blocking light or interfering with energy flow.\u00a0 Created at our plants, from design through to production, we ensure a high-quality product, made with precision by highly qualified and experienced people. No matter the size, color or [&hellip;]<\/p>\n","protected":false},"author":2,"featured_media":1464,"parent":1051,"menu_order":0,"comment_status":"closed","ping_status":"closed","template":"page-produit.php","meta":{"_acf_changed":false,"footnotes":""},"class_list":["post-1061","page","type-page","status-publish","has-post-thumbnail","hentry"],"acf":[],"yoast_head":"<!-- This site is optimized with the Yoast SEO plugin v27.1.1 - https:\/\/yoast.com\/product\/yoast-seo-wordpress\/ -->\n<title>Panneaux d\u00e9coratifs int\u00e9rieurs muraux | Privus Design<\/title>\n<meta name=\"description\" content=\"Privus Design fabrique des panneaux d\u00e9coratifs int\u00e9rieurs disponibles sous plusieurs mat\u00e9riaux et couleurs pour s&#039;agencer avec votre d\u00e9cor int\u00e9rieur.\" \/>\n<meta name=\"robots\" content=\"index, follow, max-snippet:-1, max-image-preview:large, max-video-preview:-1\" \/>\n<link rel=\"canonical\" href=\"https:\/\/www.privusdesign.com\/en\/decorative-panels\/interior-decorative-panels\/\" \/>\n<meta property=\"og:locale\" content=\"en_US\" \/>\n<meta property=\"og:type\" content=\"article\" \/>\n<meta property=\"og:title\" content=\"Panneaux d\u00e9coratifs int\u00e9rieurs muraux | Privus Design\" \/>\n<meta property=\"og:description\" content=\"Privus Design fabrique des panneaux d\u00e9coratifs int\u00e9rieurs disponibles sous plusieurs mat\u00e9riaux et couleurs pour s&#039;agencer avec votre d\u00e9cor int\u00e9rieur.\" \/>\n<meta property=\"og:url\" content=\"https:\/\/www.privusdesign.com\/en\/decorative-panels\/interior-decorative-panels\/\" \/>\n<meta property=\"og:site_name\" content=\"Privus Design\" \/>\n<meta property=\"article:publisher\" content=\"http:\/\/www.facebook.com\/privusdesign\" \/>\n<meta property=\"article:modified_time\" content=\"2022-12-07T16:20:29+00:00\" \/>\n<meta property=\"og:image\" content=\"https:\/\/www.privusdesign.com\/wp-content\/uploads\/2020\/03\/privus_ambiance_prism_en_centre-1.jpg\" \/>\n\t<meta property=\"og:image:width\" content=\"1200\" \/>\n\t<meta property=\"og:image:height\" content=\"900\" \/>\n\t<meta property=\"og:image:type\" content=\"image\/jpeg\" \/>\n<meta name=\"twitter:card\" content=\"summary_large_image\" \/>\n<meta name=\"twitter:label1\" content=\"Est. reading time\" \/>\n\t<meta name=\"twitter:data1\" content=\"2 minutes\" \/>\n<script type=\"application\/ld+json\" class=\"yoast-schema-graph\">{\"@context\":\"https:\/\/schema.org\",\"@graph\":[{\"@type\":\"WebPage\",\"@id\":\"https:\/\/www.privusdesign.com\/en\/decorative-panels\/interior-decorative-panels\/\",\"url\":\"https:\/\/www.privusdesign.com\/en\/decorative-panels\/interior-decorative-panels\/\",\"name\":\"Panneaux d\u00e9coratifs int\u00e9rieurs muraux | Privus Design\",\"isPartOf\":{\"@id\":\"https:\/\/www.privusdesign.com\/#website\"},\"primaryImageOfPage\":{\"@id\":\"https:\/\/www.privusdesign.com\/en\/decorative-panels\/interior-decorative-panels\/#primaryimage\"},\"image\":{\"@id\":\"https:\/\/www.privusdesign.com\/en\/decorative-panels\/interior-decorative-panels\/#primaryimage\"},\"thumbnailUrl\":\"https:\/\/www.privusdesign.com\/wp-content\/uploads\/2020\/03\/privus_ambiance_prism_en_centre-1.jpg\",\"datePublished\":\"2017-02-13T20:24:24+00:00\",\"dateModified\":\"2022-12-07T16:20:29+00:00\",\"description\":\"Privus Design fabrique des panneaux d\u00e9coratifs int\u00e9rieurs disponibles sous plusieurs mat\u00e9riaux et couleurs pour s'agencer avec votre d\u00e9cor int\u00e9rieur.\",\"breadcrumb\":{\"@id\":\"https:\/\/www.privusdesign.com\/en\/decorative-panels\/interior-decorative-panels\/#breadcrumb\"},\"inLanguage\":\"en-US\",\"potentialAction\":[{\"@type\":\"ReadAction\",\"target\":[\"https:\/\/www.privusdesign.com\/en\/decorative-panels\/interior-decorative-panels\/\"]}]},{\"@type\":\"ImageObject\",\"inLanguage\":\"en-US\",\"@id\":\"https:\/\/www.privusdesign.com\/en\/decorative-panels\/interior-decorative-panels\/#primaryimage\",\"url\":\"https:\/\/www.privusdesign.com\/wp-content\/uploads\/2020\/03\/privus_ambiance_prism_en_centre-1.jpg\",\"contentUrl\":\"https:\/\/www.privusdesign.com\/wp-content\/uploads\/2020\/03\/privus_ambiance_prism_en_centre-1.jpg\",\"width\":1200,\"height\":900},{\"@type\":\"BreadcrumbList\",\"@id\":\"https:\/\/www.privusdesign.com\/en\/decorative-panels\/interior-decorative-panels\/#breadcrumb\",\"itemListElement\":[{\"@type\":\"ListItem\",\"position\":1,\"name\":\"Accueil\",\"item\":\"https:\/\/www.privusdesign.com\/en\/\"},{\"@type\":\"ListItem\",\"position\":2,\"name\":\"Decorative panels\",\"item\":\"https:\/\/www.privusdesign.com\/en\/decorative-panels\/\"},{\"@type\":\"ListItem\",\"position\":3,\"name\":\"Interior panels\"}]},{\"@type\":\"WebSite\",\"@id\":\"https:\/\/www.privusdesign.com\/#website\",\"url\":\"https:\/\/www.privusdesign.com\/\",\"name\":\"Privus Design\",\"description\":\"\",\"potentialAction\":[{\"@type\":\"SearchAction\",\"target\":{\"@type\":\"EntryPoint\",\"urlTemplate\":\"https:\/\/www.privusdesign.com\/?s={search_term_string}\"},\"query-input\":{\"@type\":\"PropertyValueSpecification\",\"valueRequired\":true,\"valueName\":\"search_term_string\"}}],\"inLanguage\":\"en-US\"}]}<\/script>\n<!-- \/ Yoast SEO plugin. -->","yoast_head_json":{"title":"Panneaux d\u00e9coratifs int\u00e9rieurs muraux | Privus Design","description":"Privus Design fabrique des panneaux d\u00e9coratifs int\u00e9rieurs disponibles sous plusieurs mat\u00e9riaux et couleurs pour s'agencer avec votre d\u00e9cor int\u00e9rieur.","robots":{"index":"index","follow":"follow","max-snippet":"max-snippet:-1","max-image-preview":"max-image-preview:large","max-video-preview":"max-video-preview:-1"},"canonical":"https:\/\/www.privusdesign.com\/en\/decorative-panels\/interior-decorative-panels\/","og_locale":"en_US","og_type":"article","og_title":"Panneaux d\u00e9coratifs int\u00e9rieurs muraux | Privus Design","og_description":"Privus Design fabrique des panneaux d\u00e9coratifs int\u00e9rieurs disponibles sous plusieurs mat\u00e9riaux et couleurs pour s'agencer avec votre d\u00e9cor int\u00e9rieur.","og_url":"https:\/\/www.privusdesign.com\/en\/decorative-panels\/interior-decorative-panels\/","og_site_name":"Privus Design","article_publisher":"http:\/\/www.facebook.com\/privusdesign","article_modified_time":"2022-12-07T16:20:29+00:00","og_image":[{"width":1200,"height":900,"url":"https:\/\/www.privusdesign.com\/wp-content\/uploads\/2020\/03\/privus_ambiance_prism_en_centre-1.jpg","type":"image\/jpeg"}],"twitter_card":"summary_large_image","twitter_misc":{"Est. reading time":"2 minutes"},"schema":{"@context":"https:\/\/schema.org","@graph":[{"@type":"WebPage","@id":"https:\/\/www.privusdesign.com\/en\/decorative-panels\/interior-decorative-panels\/","url":"https:\/\/www.privusdesign.com\/en\/decorative-panels\/interior-decorative-panels\/","name":"Panneaux d\u00e9coratifs int\u00e9rieurs muraux | Privus Design","isPartOf":{"@id":"https:\/\/www.privusdesign.com\/#website"},"primaryImageOfPage":{"@id":"https:\/\/www.privusdesign.com\/en\/decorative-panels\/interior-decorative-panels\/#primaryimage"},"image":{"@id":"https:\/\/www.privusdesign.com\/en\/decorative-panels\/interior-decorative-panels\/#primaryimage"},"thumbnailUrl":"https:\/\/www.privusdesign.com\/wp-content\/uploads\/2020\/03\/privus_ambiance_prism_en_centre-1.jpg","datePublished":"2017-02-13T20:24:24+00:00","dateModified":"2022-12-07T16:20:29+00:00","description":"Privus Design fabrique des panneaux d\u00e9coratifs int\u00e9rieurs disponibles sous plusieurs mat\u00e9riaux et couleurs pour s'agencer avec votre d\u00e9cor int\u00e9rieur.","breadcrumb":{"@id":"https:\/\/www.privusdesign.com\/en\/decorative-panels\/interior-decorative-panels\/#breadcrumb"},"inLanguage":"en-US","potentialAction":[{"@type":"ReadAction","target":["https:\/\/www.privusdesign.com\/en\/decorative-panels\/interior-decorative-panels\/"]}]},{"@type":"ImageObject","inLanguage":"en-US","@id":"https:\/\/www.privusdesign.com\/en\/decorative-panels\/interior-decorative-panels\/#primaryimage","url":"https:\/\/www.privusdesign.com\/wp-content\/uploads\/2020\/03\/privus_ambiance_prism_en_centre-1.jpg","contentUrl":"https:\/\/www.privusdesign.com\/wp-content\/uploads\/2020\/03\/privus_ambiance_prism_en_centre-1.jpg","width":1200,"height":900},{"@type":"BreadcrumbList","@id":"https:\/\/www.privusdesign.com\/en\/decorative-panels\/interior-decorative-panels\/#breadcrumb","itemListElement":[{"@type":"ListItem","position":1,"name":"Accueil","item":"https:\/\/www.privusdesign.com\/en\/"},{"@type":"ListItem","position":2,"name":"Decorative panels","item":"https:\/\/www.privusdesign.com\/en\/decorative-panels\/"},{"@type":"ListItem","position":3,"name":"Interior panels"}]},{"@type":"WebSite","@id":"https:\/\/www.privusdesign.com\/#website","url":"https:\/\/www.privusdesign.com\/","name":"Privus Design","description":"","potentialAction":[{"@type":"SearchAction","target":{"@type":"EntryPoint","urlTemplate":"https:\/\/www.privusdesign.com\/?s={search_term_string}"},"query-input":{"@type":"PropertyValueSpecification","valueRequired":true,"valueName":"search_term_string"}}],"inLanguage":"en-US"}]}},"_links":{"self":[{"href":"https:\/\/www.privusdesign.com\/en\/wp-json\/wp\/v2\/pages\/1061","targetHints":{"allow":["GET"]}}],"collection":[{"href":"https:\/\/www.privusdesign.com\/en\/wp-json\/wp\/v2\/pages"}],"about":[{"href":"https:\/\/www.privusdesign.com\/en\/wp-json\/wp\/v2\/types\/page"}],"author":[{"embeddable":true,"href":"https:\/\/www.privusdesign.com\/en\/wp-json\/wp\/v2\/users\/2"}],"replies":[{"embeddable":true,"href":"https:\/\/www.privusdesign.com\/en\/wp-json\/wp\/v2\/comments?post=1061"}],"version-history":[{"count":23,"href":"https:\/\/www.privusdesign.com\/en\/wp-json\/wp\/v2\/pages\/1061\/revisions"}],"predecessor-version":[{"id":1877,"href":"https:\/\/www.privusdesign.com\/en\/wp-json\/wp\/v2\/pages\/1061\/revisions\/1877"}],"up":[{"embeddable":true,"href":"https:\/\/www.privusdesign.com\/en\/wp-json\/wp\/v2\/pages\/1051"}],"wp:featuredmedia":[{"embeddable":true,"href":"https:\/\/www.privusdesign.com\/en\/wp-json\/wp\/v2\/media\/1464"}],"wp:attachment":[{"href":"https:\/\/www.privusdesign.com\/en\/wp-json\/wp\/v2\/media?parent=1061"}],"curies":[{"name":"wp","href":"https:\/\/api.w.org\/{rel}","templated":true}]}}