{"id":1063,"date":"2016-09-20T15:43:23","date_gmt":"2016-09-20T19:43:23","guid":{"rendered":"http:\/\/www.privusdesign.com\/choisir-privus-design\/"},"modified":"2020-06-19T10:45:40","modified_gmt":"2020-06-19T14:45:40","slug":"choose-privus-design","status":"publish","type":"page","link":"https:\/\/www.privusdesign.com\/en\/choose-privus-design\/","title":{"rendered":"About us"},"content":{"rendered":"<h1>Why choose Privus Design\u2019s decorative panels to enhance your space?<\/h1>\n<p>Privus Design specializes in waterjet cutting of decorative panels available in various materials to enhance the decor of your exterior and interior spaces. Our stylish privacy panels are long-lasting and entirely made here in Sherbrooke.<\/p>\n<p>We guarantee a durable and attractive final product. Our products are made from a wide range of products, and we are always on the lookout for new trends. This enables us to offer products at very competitive prices while injecting a unique decorative flair.<\/p>\n<h2>Experts in waterjet cutting<\/h2>\n<p>With 20 years of experience in the waterjet cutting sector, our team has developed particular expertise in using various materials (aluminium, wood, plastic, etc.) now offered in decorative panels.<\/p>\n<p>The cutting process used, i.e. waterjet cutting, enables us to work with all types of materials without warping them and to produce clean, high-precision cuts. In addition, waterjet cutting is a green process that produces no smoke or toxic residue.<\/p>\n<h2>Wide range of materials<\/h2>\n<p>In addition to aluminium, plastic, and wood, we can also cut Corten and stainless steel. Corten steel is a pre-oxidized weathering steel. This type of steel is widely used for its look and weatherproof properties. It is found in architectural, construction, and even art projects (exterior sculptures).<br \/>\nAs for stainless steel, its main strength is that it is anti-corrosive and rust will not cause it to deteriorate.<\/p>\n<h2>Eco-friendly finishing process<\/h2>\n<p>A powder-coating finish featuring a wide range of colours is applied to our panels. In addition to being a green process, this panel finish is safe for use indoors. It contains no solvent or chemicals.<\/p>\n<h2>Outstanding quality control<\/h2>\n<p>Being manufactured here in our plant, our panels are a token of quality and durability. Our products are verified and approved through a step-by-step process to ensure they are in an impeccable and optimal condition upon delivery.<\/p>\n","protected":false},"excerpt":{"rendered":"<p>Why choose Privus Design\u2019s decorative panels to enhance your space? Privus Design specializes in waterjet cutting of decorative panels available in various materials to enhance the decor of your exterior and interior spaces. Our stylish privacy panels are long-lasting and entirely made here in Sherbrooke. We guarantee a durable and attractive final product. Our products [&hellip;]<\/p>\n","protected":false},"author":3,"featured_media":0,"parent":0,"menu_order":0,"comment_status":"closed","ping_status":"closed","template":"page-pagebuilder.php","meta":{"_acf_changed":false,"footnotes":""},"class_list":["post-1063","page","type-page","status-publish","hentry"],"acf":[],"yoast_head":"<!-- This site is optimized with the Yoast SEO plugin v27.1.1 - https:\/\/yoast.com\/product\/yoast-seo-wordpress\/ -->\n<title>Choisir Privus Design pour votre d\u00e9cor int\u00e9rieur et ext\u00e9rieurs | Privus Design<\/title>\n<meta name=\"description\" content=\"Nous fabriquons nos panneaux d\u00e9coratifs int\u00e9rieurs et ext\u00e9rieurs \u00e0 travers une vaste gamme de mat\u00e9riaux et restons \u00e0 l\u2019aff\u00fbt des nouvelles tendances.\" \/>\n<meta name=\"robots\" content=\"index, follow, max-snippet:-1, max-image-preview:large, max-video-preview:-1\" \/>\n<link rel=\"canonical\" href=\"https:\/\/www.privusdesign.com\/en\/choose-privus-design\/\" \/>\n<meta property=\"og:locale\" content=\"en_US\" \/>\n<meta property=\"og:type\" content=\"article\" \/>\n<meta property=\"og:title\" content=\"Choisir Privus Design pour votre d\u00e9cor int\u00e9rieur et ext\u00e9rieurs | Privus Design\" \/>\n<meta property=\"og:description\" content=\"Nous fabriquons nos panneaux d\u00e9coratifs int\u00e9rieurs et ext\u00e9rieurs \u00e0 travers une vaste gamme de mat\u00e9riaux et restons \u00e0 l\u2019aff\u00fbt des nouvelles tendances.\" \/>\n<meta property=\"og:url\" content=\"https:\/\/www.privusdesign.com\/en\/choose-privus-design\/\" \/>\n<meta property=\"og:site_name\" content=\"Privus Design\" \/>\n<meta property=\"article:publisher\" content=\"http:\/\/www.facebook.com\/privusdesign\" \/>\n<meta property=\"article:modified_time\" content=\"2020-06-19T14:45:40+00:00\" \/>\n<meta name=\"twitter:card\" content=\"summary_large_image\" \/>\n<meta name=\"twitter:label1\" content=\"Est. reading time\" \/>\n\t<meta name=\"twitter:data1\" content=\"2 minutes\" \/>\n<script type=\"application\/ld+json\" class=\"yoast-schema-graph\">{\"@context\":\"https:\/\/schema.org\",\"@graph\":[{\"@type\":\"WebPage\",\"@id\":\"https:\/\/www.privusdesign.com\/en\/choose-privus-design\/\",\"url\":\"https:\/\/www.privusdesign.com\/en\/choose-privus-design\/\",\"name\":\"Choisir Privus Design pour votre d\u00e9cor int\u00e9rieur et ext\u00e9rieurs | Privus Design\",\"isPartOf\":{\"@id\":\"https:\/\/www.privusdesign.com\/#website\"},\"datePublished\":\"2016-09-20T19:43:23+00:00\",\"dateModified\":\"2020-06-19T14:45:40+00:00\",\"description\":\"Nous fabriquons nos panneaux d\u00e9coratifs int\u00e9rieurs et ext\u00e9rieurs \u00e0 travers une vaste gamme de mat\u00e9riaux et restons \u00e0 l\u2019aff\u00fbt des nouvelles tendances.\",\"breadcrumb\":{\"@id\":\"https:\/\/www.privusdesign.com\/en\/choose-privus-design\/#breadcrumb\"},\"inLanguage\":\"en-US\",\"potentialAction\":[{\"@type\":\"ReadAction\",\"target\":[\"https:\/\/www.privusdesign.com\/en\/choose-privus-design\/\"]}]},{\"@type\":\"BreadcrumbList\",\"@id\":\"https:\/\/www.privusdesign.com\/en\/choose-privus-design\/#breadcrumb\",\"itemListElement\":[{\"@type\":\"ListItem\",\"position\":1,\"name\":\"Accueil\",\"item\":\"https:\/\/www.privusdesign.com\/en\/\"},{\"@type\":\"ListItem\",\"position\":2,\"name\":\"About us\"}]},{\"@type\":\"WebSite\",\"@id\":\"https:\/\/www.privusdesign.com\/#website\",\"url\":\"https:\/\/www.privusdesign.com\/\",\"name\":\"Privus Design\",\"description\":\"\",\"potentialAction\":[{\"@type\":\"SearchAction\",\"target\":{\"@type\":\"EntryPoint\",\"urlTemplate\":\"https:\/\/www.privusdesign.com\/?s={search_term_string}\"},\"query-input\":{\"@type\":\"PropertyValueSpecification\",\"valueRequired\":true,\"valueName\":\"search_term_string\"}}],\"inLanguage\":\"en-US\"}]}<\/script>\n<!-- \/ Yoast SEO plugin. -->","yoast_head_json":{"title":"Choisir Privus Design pour votre d\u00e9cor int\u00e9rieur et ext\u00e9rieurs | Privus Design","description":"Nous fabriquons nos panneaux d\u00e9coratifs int\u00e9rieurs et ext\u00e9rieurs \u00e0 travers une vaste gamme de mat\u00e9riaux et restons \u00e0 l\u2019aff\u00fbt des nouvelles tendances.","robots":{"index":"index","follow":"follow","max-snippet":"max-snippet:-1","max-image-preview":"max-image-preview:large","max-video-preview":"max-video-preview:-1"},"canonical":"https:\/\/www.privusdesign.com\/en\/choose-privus-design\/","og_locale":"en_US","og_type":"article","og_title":"Choisir Privus Design pour votre d\u00e9cor int\u00e9rieur et ext\u00e9rieurs | Privus Design","og_description":"Nous fabriquons nos panneaux d\u00e9coratifs int\u00e9rieurs et ext\u00e9rieurs \u00e0 travers une vaste gamme de mat\u00e9riaux et restons \u00e0 l\u2019aff\u00fbt des nouvelles tendances.","og_url":"https:\/\/www.privusdesign.com\/en\/choose-privus-design\/","og_site_name":"Privus Design","article_publisher":"http:\/\/www.facebook.com\/privusdesign","article_modified_time":"2020-06-19T14:45:40+00:00","twitter_card":"summary_large_image","twitter_misc":{"Est. reading time":"2 minutes"},"schema":{"@context":"https:\/\/schema.org","@graph":[{"@type":"WebPage","@id":"https:\/\/www.privusdesign.com\/en\/choose-privus-design\/","url":"https:\/\/www.privusdesign.com\/en\/choose-privus-design\/","name":"Choisir Privus Design pour votre d\u00e9cor int\u00e9rieur et ext\u00e9rieurs | Privus Design","isPartOf":{"@id":"https:\/\/www.privusdesign.com\/#website"},"datePublished":"2016-09-20T19:43:23+00:00","dateModified":"2020-06-19T14:45:40+00:00","description":"Nous fabriquons nos panneaux d\u00e9coratifs int\u00e9rieurs et ext\u00e9rieurs \u00e0 travers une vaste gamme de mat\u00e9riaux et restons \u00e0 l\u2019aff\u00fbt des nouvelles tendances.","breadcrumb":{"@id":"https:\/\/www.privusdesign.com\/en\/choose-privus-design\/#breadcrumb"},"inLanguage":"en-US","potentialAction":[{"@type":"ReadAction","target":["https:\/\/www.privusdesign.com\/en\/choose-privus-design\/"]}]},{"@type":"BreadcrumbList","@id":"https:\/\/www.privusdesign.com\/en\/choose-privus-design\/#breadcrumb","itemListElement":[{"@type":"ListItem","position":1,"name":"Accueil","item":"https:\/\/www.privusdesign.com\/en\/"},{"@type":"ListItem","position":2,"name":"About us"}]},{"@type":"WebSite","@id":"https:\/\/www.privusdesign.com\/#website","url":"https:\/\/www.privusdesign.com\/","name":"Privus Design","description":"","potentialAction":[{"@type":"SearchAction","target":{"@type":"EntryPoint","urlTemplate":"https:\/\/www.privusdesign.com\/?s={search_term_string}"},"query-input":{"@type":"PropertyValueSpecification","valueRequired":true,"valueName":"search_term_string"}}],"inLanguage":"en-US"}]}},"_links":{"self":[{"href":"https:\/\/www.privusdesign.com\/en\/wp-json\/wp\/v2\/pages\/1063","targetHints":{"allow":["GET"]}}],"collection":[{"href":"https:\/\/www.privusdesign.com\/en\/wp-json\/wp\/v2\/pages"}],"about":[{"href":"https:\/\/www.privusdesign.com\/en\/wp-json\/wp\/v2\/types\/page"}],"author":[{"embeddable":true,"href":"https:\/\/www.privusdesign.com\/en\/wp-json\/wp\/v2\/users\/3"}],"replies":[{"embeddable":true,"href":"https:\/\/www.privusdesign.com\/en\/wp-json\/wp\/v2\/comments?post=1063"}],"version-history":[{"count":5,"href":"https:\/\/www.privusdesign.com\/en\/wp-json\/wp\/v2\/pages\/1063\/revisions"}],"predecessor-version":[{"id":1703,"href":"https:\/\/www.privusdesign.com\/en\/wp-json\/wp\/v2\/pages\/1063\/revisions\/1703"}],"wp:attachment":[{"href":"https:\/\/www.privusdesign.com\/en\/wp-json\/wp\/v2\/media?parent=1063"}],"curies":[{"name":"wp","href":"https:\/\/api.w.org\/{rel}","templated":true}]}}